{"id":48312,"date":"2023-01-30T07:45:21","date_gmt":"2023-01-29T23:45:21","guid":{"rendered":"https:\/\/www.qnet.net.my\/social-media-policy\/"},"modified":"2025-03-21T11:22:30","modified_gmt":"2025-03-21T03:22:30","slug":"polisi-media-sosial","status":"publish","type":"page","link":"https:\/\/www.qnet.net.my\/ms\/polisi-media-sosial\/","title":{"rendered":"Polisi Media Sosial"},"content":{"rendered":"\t\t<div data-elementor-type=\"wp-page\" data-elementor-id=\"48312\" class=\"elementor elementor-48312 elementor-2255\" data-elementor-post-type=\"page\">\n\t\t\t\t<div class=\"elementor-element elementor-element-7fc5c8fc e-con-full e-flex e-con e-parent\" data-id=\"7fc5c8fc\" data-element_type=\"container\" data-e-type=\"container\" data-settings=\"{&quot;background_background&quot;:&quot;classic&quot;}\">\n\t\t<div class=\"elementor-element elementor-element-1a194690 e-con-full e-flex e-con e-child\" data-id=\"1a194690\" data-element_type=\"container\" data-e-type=\"container\" data-settings=\"{&quot;background_background&quot;:&quot;classic&quot;}\">\n\t\t\t\t<div class=\"elementor-element elementor-element-5c139404 elementor-widget elementor-widget-heading\" data-id=\"5c139404\" data-element_type=\"widget\" data-e-type=\"widget\" data-widget_type=\"heading.default\">\n\t\t\t\t<div class=\"elementor-widget-container\">\n\t\t\t\t\t<h2 class=\"elementor-heading-title elementor-size-default\">COMPLIANCE<\/h2>\t\t\t\t<\/div>\n\t\t\t\t<\/div>\n\t\t\t\t<div class=\"elementor-element elementor-element-1f7309fc elementor-widget elementor-widget-heading\" data-id=\"1f7309fc\" data-element_type=\"widget\" data-e-type=\"widget\" data-widget_type=\"heading.default\">\n\t\t\t\t<div class=\"elementor-widget-container\">\n\t\t\t\t\t<h2 class=\"elementor-heading-title elementor-size-default\">SOCIAL MEDIA POLICY<\/h2>\t\t\t\t<\/div>\n\t\t\t\t<\/div>\n\t\t\t\t<\/div>\n\t\t<div class=\"elementor-element elementor-element-2c5e89f3 e-con-full e-flex e-con e-child\" data-id=\"2c5e89f3\" data-element_type=\"container\" data-e-type=\"container\" data-settings=\"{&quot;background_background&quot;:&quot;classic&quot;}\">\n\t\t\t\t<\/div>\n\t\t\t\t<\/div>\n\t\t<div class=\"elementor-element elementor-element-1b980d5e e-flex e-con-boxed e-con e-parent\" data-id=\"1b980d5e\" data-element_type=\"container\" data-e-type=\"container\">\n\t\t\t\t\t<div class=\"e-con-inner\">\n\t\t\t\t<div class=\"elementor-element elementor-element-1e5b2e26 elementor-widget elementor-widget-text-editor\" data-id=\"1e5b2e26\" data-element_type=\"widget\" data-e-type=\"widget\" data-widget_type=\"text-editor.default\">\n\t\t\t\t<div class=\"elementor-widget-container\">\n\t\t\t\t\t\t\t\t\t<p>Independent Representatives (ID) are permitted to discuss and promote their business on social media platforms such as blogs, Facebook, YouTube, LinkedIn, Instagram, Twitter, TikTok, etc. The following is the Company\u2019s policy and guidelines on such representation. The absence of, or lack of explicit reference to a specific site, does not limit the extent of the application of this policy. Where no policy or guideline exists, Independent Representatives should use their professional judgment and take the most prudent action possible.<\/p>\t\t\t\t\t\t\t\t<\/div>\n\t\t\t\t<\/div>\n\t\t\t\t<div class=\"elementor-element elementor-element-1a82169c elementor-widget elementor-widget-text-editor\" data-id=\"1a82169c\" data-element_type=\"widget\" data-e-type=\"widget\" data-widget_type=\"text-editor.default\">\n\t\t\t\t<div class=\"elementor-widget-container\">\n\t\t\t\t\t\t\t\t\t<p>1. Personal blogs, websites and social media profiles should have clear disclaimers that the views expressed by the author are the author\u2019s alone and do not represent the views of the Company.<\/p>\t\t\t\t\t\t\t\t<\/div>\n\t\t\t\t<\/div>\n\t\t\t\t<div class=\"elementor-element elementor-element-569ae8e1 elementor-widget elementor-widget-text-editor\" data-id=\"569ae8e1\" data-element_type=\"widget\" data-e-type=\"widget\" data-widget_type=\"text-editor.default\">\n\t\t\t\t<div class=\"elementor-widget-container\">\n\t\t\t\t\t\t\t\t\t<p>Eg \u2013 \u201cThe opinions and positions expressed are my own and don\u2019t necessarily re\ufb02ect those of QNET Ltd.\u201d<\/p>\t\t\t\t\t\t\t\t<\/div>\n\t\t\t\t<\/div>\n\t\t\t\t<div class=\"elementor-element elementor-element-61e3038c elementor-widget elementor-widget-text-editor\" data-id=\"61e3038c\" data-element_type=\"widget\" data-e-type=\"widget\" data-widget_type=\"text-editor.default\">\n\t\t\t\t<div class=\"elementor-widget-container\">\n\t\t\t\t\t\t\t\t\t<p>2. You must represent yourself accurately and clearly state your relationship with the Company as Independent Representative. No other claims may be made as employee, agent or otherwise.<\/p>\t\t\t\t\t\t\t\t<\/div>\n\t\t\t\t<\/div>\n\t\t\t\t<div class=\"elementor-element elementor-element-bf17188 elementor-widget elementor-widget-text-editor\" data-id=\"bf17188\" data-element_type=\"widget\" data-e-type=\"widget\" data-widget_type=\"text-editor.default\">\n\t\t\t\t<div class=\"elementor-widget-container\">\n\t\t\t\t\t\t\t\t\t<p>3. You may not use the Company\u2019s trademarks or brands in any username or handle in any social media platform. These include but are not limited to Twitter, Facebook, and Linkedin.<\/p>\t\t\t\t\t\t\t\t<\/div>\n\t\t\t\t<\/div>\n\t\t\t\t<div class=\"elementor-element elementor-element-688282a2 elementor-widget elementor-widget-text-editor\" data-id=\"688282a2\" data-element_type=\"widget\" data-e-type=\"widget\" data-widget_type=\"text-editor.default\">\n\t\t\t\t<div class=\"elementor-widget-container\">\n\t\t\t\t\t\t\t\t\t<p>4. Information published on your blogs, websites and social media profiles should comply and adhere with the QNET\u2019s Policies &amp; Procedures. (See clause 11.03, 11.04 and 11.05 of the Policies &amp; Procedures). This also applies to comments posted on other blogs, forums, and social networking sites.<\/p>\t\t\t\t\t\t\t\t<\/div>\n\t\t\t\t<\/div>\n\t\t\t\t<div class=\"elementor-element elementor-element-1027c35f elementor-widget elementor-widget-text-editor\" data-id=\"1027c35f\" data-element_type=\"widget\" data-e-type=\"widget\" data-widget_type=\"text-editor.default\">\n\t\t\t\t<div class=\"elementor-widget-container\">\n\t\t\t\t\t\t\t\t\t<p>5. Independent Representatives may not use or attempt to register or sell any of QNET and its associated companies\u2019 trade names, trademarks, service names, service marks, product names, or any derivative thereof, for any internet domain name or email address (See 10.03 (c) of the Policies &amp; Procedures).<\/p>\t\t\t\t\t\t\t\t<\/div>\n\t\t\t\t<\/div>\n\t\t\t\t<div class=\"elementor-element elementor-element-23df3850 elementor-widget elementor-widget-text-editor\" data-id=\"23df3850\" data-element_type=\"widget\" data-e-type=\"widget\" data-widget_type=\"text-editor.default\">\n\t\t\t\t<div class=\"elementor-widget-container\">\n\t\t\t\t\t\t\t\t\t<p>6. By identifying yourself as an Independent Representative, you identify yourself with the brand image and the values of the Company. As such, your online activity can affect others\u2019 perceptions of the Company, its products and services. It is therefore important to be aware that your actions captured via images, posts, or comments can reflect that of the Company. The following guidelines must be adhered to for posting any content online:<\/p>\t\t\t\t\t\t\t\t<\/div>\n\t\t\t\t<\/div>\n\t\t\t\t<div class=\"elementor-element elementor-element-58789d7 elementor-widget elementor-widget-text-editor\" data-id=\"58789d7\" data-element_type=\"widget\" data-e-type=\"widget\" data-widget_type=\"text-editor.default\">\n\t\t\t\t<div class=\"elementor-widget-container\">\n\t\t\t\t\t\t\t\t\t<p>* You must use only text found on the Company\u2019s official website<br \/>* You may not supplement the content of your website or social networking profile with text from any source other than the Company.<br \/>* All content must be spell-checked.<br \/>* All misleading or deceptive activities, information and tactics are prohibited.<br \/>* Respect copyright laws, and reference or cite sources appropriately.<br \/>* No abusive language is permitted.<br \/>* No personal attacks are permitted.<\/p>\t\t\t\t\t\t\t\t<\/div>\n\t\t\t\t<\/div>\n\t\t\t\t<div class=\"elementor-element elementor-element-29608fa3 elementor-widget elementor-widget-text-editor\" data-id=\"29608fa3\" data-element_type=\"widget\" data-e-type=\"widget\" data-widget_type=\"text-editor.default\">\n\t\t\t\t<div class=\"elementor-widget-container\">\n\t\t\t\t\t\t\t\t\t<p>7. Independent Representatives must always disclose their relationship or identify themselves as a QNET Independent Representative when making any comment in regard to QNET and\/or its products.<\/p>\t\t\t\t\t\t\t\t<\/div>\n\t\t\t\t<\/div>\n\t\t\t\t<div class=\"elementor-element elementor-element-43c8c551 elementor-widget elementor-widget-text-editor\" data-id=\"43c8c551\" data-element_type=\"widget\" data-e-type=\"widget\" data-widget_type=\"text-editor.default\">\n\t\t\t\t<div class=\"elementor-widget-container\">\n\t\t\t\t\t\t\t\t\t<p>8. Independent Representatives who provide testimonials online must be truthful and subject to typical results.<\/p>\t\t\t\t\t\t\t\t<\/div>\n\t\t\t\t<\/div>\n\t\t\t\t<div class=\"elementor-element elementor-element-22ae5a09 elementor-widget elementor-widget-text-editor\" data-id=\"22ae5a09\" data-element_type=\"widget\" data-e-type=\"widget\" data-widget_type=\"text-editor.default\">\n\t\t\t\t<div class=\"elementor-widget-container\">\n\t\t\t\t\t\t\t\t\t<p>Eg 1: \u201cAmezcua Bio Disc cured my snoring problem\u201d While that may be an honest opinion, it is not a typical result, and therefore, any such opinion posted online would be in violation of the current guidelines, unless there is valid research to support the claim.<\/p>\t\t\t\t\t\t\t\t<\/div>\n\t\t\t\t<\/div>\n\t\t\t\t<div class=\"elementor-element elementor-element-34375168 elementor-widget elementor-widget-text-editor\" data-id=\"34375168\" data-element_type=\"widget\" data-e-type=\"widget\" data-widget_type=\"text-editor.default\">\n\t\t\t\t<div class=\"elementor-widget-container\">\n\t\t\t\t\t\t\t\t\t<p>Eg 2. \u201cI made USD 25,000 in one month with QNET, and you can too.\u201d While this statement may be true, the result is not \u201ctypical\u201d. Such statements would be in violation of the current guidelines. Whenever discussing earnings, you should refer to clause 11.02 of the Policies &amp; Procedures for guidance on this subject matter.<\/p>\t\t\t\t\t\t\t\t<\/div>\n\t\t\t\t<\/div>\n\t\t\t\t<div class=\"elementor-element elementor-element-27c14c3b elementor-widget elementor-widget-text-editor\" data-id=\"27c14c3b\" data-element_type=\"widget\" data-e-type=\"widget\" data-widget_type=\"text-editor.default\">\n\t\t\t\t<div class=\"elementor-widget-container\">\n\t\t\t\t\t\t\t\t\t<p>9. For paid Internet advertising such as Facebook ads, the Company\u2019s logo or trademark may not be used. All links must be directed to the ID\u2019s Personal Website and not the Company\u2019s official site.<\/p>\t\t\t\t\t\t\t\t<\/div>\n\t\t\t\t<\/div>\n\t\t\t\t<div class=\"elementor-element elementor-element-7865b97e elementor-widget elementor-widget-text-editor\" data-id=\"7865b97e\" data-element_type=\"widget\" data-e-type=\"widget\" data-widget_type=\"text-editor.default\">\n\t\t\t\t<div class=\"elementor-widget-container\">\n\t\t\t\t\t\t\t\t\t<p>10. If you have a complaint with the Company, contact the Company for resolution through any of its official social media channels available at www.qnet.net or the 24\/7 multilingual QNET Global Support Centre (GSC). Do not use other social media to express your grievances publicly as the Company will have no way of addressing your grievance. Many of the people who read your grievance won\u2019t know when it is resolved, so they will be left with bad unresolved feelings that may never be corrected.<\/p>\t\t\t\t\t\t\t\t<\/div>\n\t\t\t\t<\/div>\n\t\t\t\t\t<\/div>\n\t\t\t\t<\/div>\n\t\t\t\t<\/div>\n\t\t","protected":false},"excerpt":{"rendered":"<p>CUMPLIMIENTO POL\u00cdTICA DE REDES SOCIALES Los Representantes Emprendedores (EIs) pueden hablar y promover su negocio en plataformas de redes sociales como blogs, Facebook, YouTube, LinkedIn, Instagram, Twitter, TikTok, etc. A continuaci\u00f3n, se detallan las pol\u00edticas y pautas de la Compa\u00f1\u00eda sobre dicha representaci\u00f3n. La ausencia o falta de referencia expl\u00edcita a un sitio espec\u00edfico no [&hellip;]<\/p>\n","protected":false},"author":3,"featured_media":47487,"parent":0,"menu_order":0,"comment_status":"closed","ping_status":"closed","template":"","meta":{"footnotes":""},"class_list":["post-48312","page","type-page","status-publish","has-post-thumbnail"],"_links":{"self":[{"href":"https:\/\/www.qnet.net.my\/ms\/wp-json\/wp\/v2\/pages\/48312","targetHints":{"allow":["GET"]}}],"collection":[{"href":"https:\/\/www.qnet.net.my\/ms\/wp-json\/wp\/v2\/pages"}],"about":[{"href":"https:\/\/www.qnet.net.my\/ms\/wp-json\/wp\/v2\/types\/page"}],"author":[{"embeddable":true,"href":"https:\/\/www.qnet.net.my\/ms\/wp-json\/wp\/v2\/users\/3"}],"replies":[{"embeddable":true,"href":"https:\/\/www.qnet.net.my\/ms\/wp-json\/wp\/v2\/comments?post=48312"}],"version-history":[{"count":0,"href":"https:\/\/www.qnet.net.my\/ms\/wp-json\/wp\/v2\/pages\/48312\/revisions"}],"wp:featuredmedia":[{"embeddable":true,"href":"https:\/\/www.qnet.net.my\/ms\/wp-json\/wp\/v2\/media\/47487"}],"wp:attachment":[{"href":"https:\/\/www.qnet.net.my\/ms\/wp-json\/wp\/v2\/media?parent=48312"}],"curies":[{"name":"wp","href":"https:\/\/api.w.org\/{rel}","templated":true}]}}